{"id":800,"date":"2023-10-03T11:16:46","date_gmt":"2023-10-03T15:16:46","guid":{"rendered":"https:\/\/idioma-amigos.com\/a-propos\/"},"modified":"2024-11-06T09:19:01","modified_gmt":"2024-11-06T14:19:01","slug":"acerca-de","status":"publish","type":"page","link":"https:\/\/idioma-amigos.com\/es\/acerca-de\/","title":{"rendered":"Acerca de"},"content":{"rendered":"\n<h2 class=\"wp-block-heading\">\u00bfQu\u00e9 es exactamente Idioma Amigos?<\/h2>\n\n\n\n<p>Idioma Amigos es una plataforma innovadora destinada a reunir a estudiantes de idiomas y hablantes nativos. El objetivo es promover la inmersi\u00f3n total en la cultura y el idioma de destino mediante la promoci\u00f3n de intercambios aut\u00e9nticos.<\/p>\n\n\n\n<p>En nuestra plataforma, los participantes tienen la oportunidad de programar debates en l\u00ednea con nuestros colaboradores, hablantes nativos de espa\u00f1ol. Estos colaboradores no son profesores tradicionales, sino entusiastas que desean compartir su lengua y cultura.<\/p>\n\n\n\n<h2 class=\"wp-block-heading\">\u00bfC\u00f3mo funciona?<\/h2>\n\n\n\n<p>El participante selecciona un colaborador, luego selecciona una franja horaria disponible, ingresa sus datos de contacto y completa la reserva y el pago.<\/p>\n\n\n\n<p>A continuaci\u00f3n, el empleado confirmar\u00e1 la reuni\u00f3n y se comunicar\u00e1 al participante un enlace para la reuni\u00f3n.<\/p>\n\n\n\n<p>Unos minutos antes de la reuni\u00f3n, el participante hace clic en el enlace recibido y se une al colaborador en l\u00ednea para iniciar la conversaci\u00f3n.<\/p>\n","protected":false},"excerpt":{"rendered":"<p>\u00bfQu\u00e9 es exactamente Idioma Amigos? Idioma Amigos es una plataforma innovadora destinada a reunir a estudiantes de idiomas y hablantes [&hellip;]<\/p>\n","protected":false},"author":1,"featured_media":0,"parent":0,"menu_order":0,"comment_status":"closed","ping_status":"closed","template":"","meta":{"order-bump-settings":[],"_wpfnl_thankyou_order_overview":"on","_wpfnl_thankyou_order_details":"on","_wpfnl_thankyou_billing_details":"on","_wpfnl_thankyou_shipping_details":"on","ocean_post_layout":"","ocean_both_sidebars_style":"","ocean_both_sidebars_content_width":0,"ocean_both_sidebars_sidebars_width":0,"ocean_sidebar":"","ocean_second_sidebar":"","ocean_disable_margins":"enable","ocean_add_body_class":"","ocean_shortcode_before_top_bar":"","ocean_shortcode_after_top_bar":"","ocean_shortcode_before_header":"","ocean_shortcode_after_header":"","ocean_has_shortcode":"","ocean_shortcode_after_title":"","ocean_shortcode_before_footer_widgets":"","ocean_shortcode_after_footer_widgets":"","ocean_shortcode_before_footer_bottom":"","ocean_shortcode_after_footer_bottom":"","ocean_display_top_bar":"default","ocean_display_header":"default","ocean_header_style":"","ocean_center_header_left_menu":"","ocean_custom_header_template":"","ocean_custom_logo":0,"ocean_custom_retina_logo":0,"ocean_custom_logo_max_width":0,"ocean_custom_logo_tablet_max_width":0,"ocean_custom_logo_mobile_max_width":0,"ocean_custom_logo_max_height":0,"ocean_custom_logo_tablet_max_height":0,"ocean_custom_logo_mobile_max_height":0,"ocean_header_custom_menu":"","ocean_menu_typo_font_family":"","ocean_menu_typo_font_subset":"","ocean_menu_typo_font_size":0,"ocean_menu_typo_font_size_tablet":0,"ocean_menu_typo_font_size_mobile":0,"ocean_menu_typo_font_size_unit":"px","ocean_menu_typo_font_weight":"","ocean_menu_typo_font_weight_tablet":"","ocean_menu_typo_font_weight_mobile":"","ocean_menu_typo_transform":"","ocean_menu_typo_transform_tablet":"","ocean_menu_typo_transform_mobile":"","ocean_menu_typo_line_height":0,"ocean_menu_typo_line_height_tablet":0,"ocean_menu_typo_line_height_mobile":0,"ocean_menu_typo_line_height_unit":"","ocean_menu_typo_spacing":0,"ocean_menu_typo_spacing_tablet":0,"ocean_menu_typo_spacing_mobile":0,"ocean_menu_typo_spacing_unit":"","ocean_menu_link_color":"","ocean_menu_link_color_hover":"","ocean_menu_link_color_active":"","ocean_menu_link_background":"","ocean_menu_link_hover_background":"","ocean_menu_link_active_background":"","ocean_menu_social_links_bg":"","ocean_menu_social_hover_links_bg":"","ocean_menu_social_links_color":"","ocean_menu_social_hover_links_color":"","ocean_disable_title":"default","ocean_disable_heading":"default","ocean_post_title":"","ocean_post_subheading":"","ocean_post_title_style":"","ocean_post_title_background_color":"","ocean_post_title_background":0,"ocean_post_title_bg_image_position":"","ocean_post_title_bg_image_attachment":"","ocean_post_title_bg_image_repeat":"","ocean_post_title_bg_image_size":"","ocean_post_title_height":0,"ocean_post_title_bg_overlay":0.5,"ocean_post_title_bg_overlay_color":"","ocean_disable_breadcrumbs":"default","ocean_breadcrumbs_color":"","ocean_breadcrumbs_separator_color":"","ocean_breadcrumbs_links_color":"","ocean_breadcrumbs_links_hover_color":"","ocean_display_footer_widgets":"default","ocean_display_footer_bottom":"default","ocean_custom_footer_template":"","omw_enable_modal_window":"enable","footnotes":""},"class_list":["post-800","page","type-page","status-publish","hentry","entry","owp-thumbs-layout-horizontal","owp-btn-normal","owp-tabs-layout-horizontal","has-no-thumbnails","has-product-nav"],"yoast_head":"<!-- This site is optimized with the Yoast SEO plugin v27.2 - https:\/\/yoast.com\/product\/yoast-seo-wordpress\/ -->\n<title>Acerca de - Idioma Amigos<\/title>\n<meta name=\"description\" content=\"Idioma Amigos es una plataforma que promueve intercambios aut\u00e9nticos a trav\u00e9s de conversaciones en espa\u00f1ol con personas reales.\" \/>\n<meta name=\"robots\" content=\"index, follow, max-snippet:-1, max-image-preview:large, max-video-preview:-1\" \/>\n<link rel=\"canonical\" href=\"https:\/\/idioma-amigos.com\/es\/acerca-de\/\" \/>\n<meta property=\"og:locale\" content=\"es_ES\" \/>\n<meta property=\"og:type\" content=\"article\" \/>\n<meta property=\"og:title\" content=\"Acerca de - Idioma Amigos\" \/>\n<meta property=\"og:description\" content=\"Idioma Amigos es una plataforma que promueve intercambios aut\u00e9nticos a trav\u00e9s de conversaciones en espa\u00f1ol con personas reales.\" \/>\n<meta property=\"og:url\" content=\"https:\/\/idioma-amigos.com\/es\/acerca-de\/\" \/>\n<meta property=\"og:site_name\" content=\"Idioma Amigos\" \/>\n<meta property=\"article:modified_time\" content=\"2024-11-06T14:19:01+00:00\" \/>\n<meta name=\"twitter:card\" content=\"summary_large_image\" \/>\n<meta name=\"twitter:label1\" content=\"Tiempo de lectura\" \/>\n\t<meta name=\"twitter:data1\" content=\"2 minutos\" \/>\n<script type=\"application\/ld+json\" class=\"yoast-schema-graph\">{\"@context\":\"https:\/\/schema.org\",\"@graph\":[{\"@type\":\"WebPage\",\"@id\":\"https:\/\/idioma-amigos.com\/es\/acerca-de\/\",\"url\":\"https:\/\/idioma-amigos.com\/es\/acerca-de\/\",\"name\":\"Acerca de - Idioma Amigos\",\"isPartOf\":{\"@id\":\"https:\/\/idioma-amigos.com\/es\/#website\"},\"datePublished\":\"2023-10-03T15:16:46+00:00\",\"dateModified\":\"2024-11-06T14:19:01+00:00\",\"description\":\"Idioma Amigos es una plataforma que promueve intercambios aut\u00e9nticos a trav\u00e9s de conversaciones en espa\u00f1ol con personas reales.\",\"breadcrumb\":{\"@id\":\"https:\/\/idioma-amigos.com\/es\/acerca-de\/#breadcrumb\"},\"inLanguage\":\"es\",\"potentialAction\":[{\"@type\":\"ReadAction\",\"target\":[\"https:\/\/idioma-amigos.com\/es\/acerca-de\/\"]}]},{\"@type\":\"BreadcrumbList\",\"@id\":\"https:\/\/idioma-amigos.com\/es\/acerca-de\/#breadcrumb\",\"itemListElement\":[{\"@type\":\"ListItem\",\"position\":1,\"name\":\"Accueil\",\"item\":\"https:\/\/idioma-amigos.com\/es\/\"},{\"@type\":\"ListItem\",\"position\":2,\"name\":\"Acerca de\"}]},{\"@type\":\"WebSite\",\"@id\":\"https:\/\/idioma-amigos.com\/es\/#website\",\"url\":\"https:\/\/idioma-amigos.com\/es\/\",\"name\":\"Idioma Amigos\",\"description\":\"Pratiquer l&#039;espagnol en-ligne\",\"publisher\":{\"@id\":\"https:\/\/idioma-amigos.com\/es\/#organization\"},\"potentialAction\":[{\"@type\":\"SearchAction\",\"target\":{\"@type\":\"EntryPoint\",\"urlTemplate\":\"https:\/\/idioma-amigos.com\/es\/?s={search_term_string}\"},\"query-input\":{\"@type\":\"PropertyValueSpecification\",\"valueRequired\":true,\"valueName\":\"search_term_string\"}}],\"inLanguage\":\"es\"},{\"@type\":\"Organization\",\"@id\":\"https:\/\/idioma-amigos.com\/es\/#organization\",\"name\":\"Idioma Amigos\",\"url\":\"https:\/\/idioma-amigos.com\/es\/\",\"logo\":{\"@type\":\"ImageObject\",\"inLanguage\":\"es\",\"@id\":\"https:\/\/idioma-amigos.com\/es\/#\/schema\/logo\/image\/\",\"url\":\"https:\/\/idioma-amigos.com\/wp-content\/uploads\/2024\/11\/cropped-logo-vertical-background-black_letter_v2-1.png\",\"contentUrl\":\"https:\/\/idioma-amigos.com\/wp-content\/uploads\/2024\/11\/cropped-logo-vertical-background-black_letter_v2-1.png\",\"width\":1112,\"height\":224,\"caption\":\"Idioma Amigos\"},\"image\":{\"@id\":\"https:\/\/idioma-amigos.com\/es\/#\/schema\/logo\/image\/\"}}]}<\/script>\n<!-- \/ Yoast SEO plugin. -->","yoast_head_json":{"title":"Acerca de - Idioma Amigos","description":"Idioma Amigos es una plataforma que promueve intercambios aut\u00e9nticos a trav\u00e9s de conversaciones en espa\u00f1ol con personas reales.","robots":{"index":"index","follow":"follow","max-snippet":"max-snippet:-1","max-image-preview":"max-image-preview:large","max-video-preview":"max-video-preview:-1"},"canonical":"https:\/\/idioma-amigos.com\/es\/acerca-de\/","og_locale":"es_ES","og_type":"article","og_title":"Acerca de - Idioma Amigos","og_description":"Idioma Amigos es una plataforma que promueve intercambios aut\u00e9nticos a trav\u00e9s de conversaciones en espa\u00f1ol con personas reales.","og_url":"https:\/\/idioma-amigos.com\/es\/acerca-de\/","og_site_name":"Idioma Amigos","article_modified_time":"2024-11-06T14:19:01+00:00","twitter_card":"summary_large_image","twitter_misc":{"Tiempo de lectura":"2 minutos"},"schema":{"@context":"https:\/\/schema.org","@graph":[{"@type":"WebPage","@id":"https:\/\/idioma-amigos.com\/es\/acerca-de\/","url":"https:\/\/idioma-amigos.com\/es\/acerca-de\/","name":"Acerca de - Idioma Amigos","isPartOf":{"@id":"https:\/\/idioma-amigos.com\/es\/#website"},"datePublished":"2023-10-03T15:16:46+00:00","dateModified":"2024-11-06T14:19:01+00:00","description":"Idioma Amigos es una plataforma que promueve intercambios aut\u00e9nticos a trav\u00e9s de conversaciones en espa\u00f1ol con personas reales.","breadcrumb":{"@id":"https:\/\/idioma-amigos.com\/es\/acerca-de\/#breadcrumb"},"inLanguage":"es","potentialAction":[{"@type":"ReadAction","target":["https:\/\/idioma-amigos.com\/es\/acerca-de\/"]}]},{"@type":"BreadcrumbList","@id":"https:\/\/idioma-amigos.com\/es\/acerca-de\/#breadcrumb","itemListElement":[{"@type":"ListItem","position":1,"name":"Accueil","item":"https:\/\/idioma-amigos.com\/es\/"},{"@type":"ListItem","position":2,"name":"Acerca de"}]},{"@type":"WebSite","@id":"https:\/\/idioma-amigos.com\/es\/#website","url":"https:\/\/idioma-amigos.com\/es\/","name":"Idioma Amigos","description":"Pratiquer l&#039;espagnol en-ligne","publisher":{"@id":"https:\/\/idioma-amigos.com\/es\/#organization"},"potentialAction":[{"@type":"SearchAction","target":{"@type":"EntryPoint","urlTemplate":"https:\/\/idioma-amigos.com\/es\/?s={search_term_string}"},"query-input":{"@type":"PropertyValueSpecification","valueRequired":true,"valueName":"search_term_string"}}],"inLanguage":"es"},{"@type":"Organization","@id":"https:\/\/idioma-amigos.com\/es\/#organization","name":"Idioma Amigos","url":"https:\/\/idioma-amigos.com\/es\/","logo":{"@type":"ImageObject","inLanguage":"es","@id":"https:\/\/idioma-amigos.com\/es\/#\/schema\/logo\/image\/","url":"https:\/\/idioma-amigos.com\/wp-content\/uploads\/2024\/11\/cropped-logo-vertical-background-black_letter_v2-1.png","contentUrl":"https:\/\/idioma-amigos.com\/wp-content\/uploads\/2024\/11\/cropped-logo-vertical-background-black_letter_v2-1.png","width":1112,"height":224,"caption":"Idioma Amigos"},"image":{"@id":"https:\/\/idioma-amigos.com\/es\/#\/schema\/logo\/image\/"}}]}},"_links":{"self":[{"href":"https:\/\/idioma-amigos.com\/es\/wp-json\/wp\/v2\/pages\/800","targetHints":{"allow":["GET"]}}],"collection":[{"href":"https:\/\/idioma-amigos.com\/es\/wp-json\/wp\/v2\/pages"}],"about":[{"href":"https:\/\/idioma-amigos.com\/es\/wp-json\/wp\/v2\/types\/page"}],"author":[{"embeddable":true,"href":"https:\/\/idioma-amigos.com\/es\/wp-json\/wp\/v2\/users\/1"}],"replies":[{"embeddable":true,"href":"https:\/\/idioma-amigos.com\/es\/wp-json\/wp\/v2\/comments?post=800"}],"version-history":[{"count":7,"href":"https:\/\/idioma-amigos.com\/es\/wp-json\/wp\/v2\/pages\/800\/revisions"}],"predecessor-version":[{"id":4786,"href":"https:\/\/idioma-amigos.com\/es\/wp-json\/wp\/v2\/pages\/800\/revisions\/4786"}],"wp:attachment":[{"href":"https:\/\/idioma-amigos.com\/es\/wp-json\/wp\/v2\/media?parent=800"}],"curies":[{"name":"wp","href":"https:\/\/api.w.org\/{rel}","templated":true}]}}